{"id":124,"date":"2024-10-14T16:41:19","date_gmt":"2024-10-14T16:41:19","guid":{"rendered":"https:\/\/askhuamkt.com\/nueva\/?page_id=124"},"modified":"2024-10-18T21:44:40","modified_gmt":"2024-10-18T21:44:40","slug":"promocionales","status":"publish","type":"page","link":"https:\/\/askhuamkt.com\/nueva\/promocionales\/","title":{"rendered":"Promocionales"},"content":{"rendered":"\t\t<div data-elementor-type=\"wp-post\" data-elementor-id=\"124\" class=\"elementor elementor-124\" data-elementor-post-type=\"page\">\n\t\t\t\t<div class=\"elementor-element elementor-element-98f8391 e-flex e-con-boxed e-con e-parent\" data-id=\"98f8391\" data-element_type=\"container\">\n\t\t\t\t\t<div class=\"e-con-inner\">\n\t\t\t\t<div class=\"elementor-element elementor-element-b29b3e2 elementor-widget elementor-widget-spacer\" data-id=\"b29b3e2\" data-element_type=\"widget\" data-widget_type=\"spacer.default\">\n\t\t\t\t<div class=\"elementor-widget-container\">\n\t\t\t\t\t<div class=\"elementor-spacer\">\n\t\t\t<div class=\"elementor-spacer-inner\"><\/div>\n\t\t<\/div>\n\t\t\t\t<\/div>\n\t\t\t\t<\/div>\n\t\t\t\t\t<\/div>\n\t\t\t\t<\/div>\n\t\t<div class=\"elementor-element elementor-element-229e175 e-flex e-con-boxed e-con e-parent\" data-id=\"229e175\" data-element_type=\"container\">\n\t\t\t\t\t<div class=\"e-con-inner\">\n\t\t<div class=\"elementor-element elementor-element-34a7603 e-con-full e-flex e-con e-child\" data-id=\"34a7603\" data-element_type=\"container\">\n\t\t\t\t<div class=\"elementor-element elementor-element-066e78c elementor-invisible elementor-widget elementor-widget-image\" data-id=\"066e78c\" data-element_type=\"widget\" data-settings=\"{&quot;_animation&quot;:&quot;zoomIn&quot;}\" data-widget_type=\"image.default\">\n\t\t\t\t<div class=\"elementor-widget-container\">\n\t\t\t\t\t\t\t\t\t\t\t\t\t<img fetchpriority=\"high\" decoding=\"async\" width=\"497\" height=\"225\" src=\"https:\/\/askhuamkt.com\/nueva\/wp-content\/uploads\/2024\/10\/promocionales-1-1.png\" class=\"attachment-large size-large wp-image-128\" alt=\"promocionales-1\" srcset=\"https:\/\/askhuamkt.com\/nueva\/wp-content\/uploads\/2024\/10\/promocionales-1-1.png 497w, https:\/\/askhuamkt.com\/nueva\/wp-content\/uploads\/2024\/10\/promocionales-1-1-300x136.png 300w\" sizes=\"(max-width: 497px) 100vw, 497px\" \/>\t\t\t\t\t\t\t\t\t\t\t\t\t<\/div>\n\t\t\t\t<\/div>\n\t\t\t\t<div class=\"elementor-element elementor-element-e54356f elementor-align-left elementor-mobile-align-center elementor-widget elementor-widget-button\" data-id=\"e54356f\" data-element_type=\"widget\" data-widget_type=\"button.default\">\n\t\t\t\t<div class=\"elementor-widget-container\">\n\t\t\t\t\t<div class=\"elementor-button-wrapper\">\n\t\t\t<a class=\"elementor-button elementor-button-link elementor-size-sm\" href=\"https:\/\/promocionalesweb.com\/ASKHUAMARKETING\" target=\"_blank\">\n\t\t\t\t\t\t<span class=\"elementor-button-content-wrapper\">\n\t\t\t\t\t\t\t\t\t<span class=\"elementor-button-text\">Descarga de Cat\u00e1logo<\/span>\n\t\t\t\t\t<\/span>\n\t\t\t\t\t<\/a>\n\t\t<\/div>\n\t\t\t\t<\/div>\n\t\t\t\t<\/div>\n\t\t\t\t<div class=\"elementor-element elementor-element-265f2a1 elementor-align-left elementor-mobile-align-center elementor-widget elementor-widget-button\" data-id=\"265f2a1\" data-element_type=\"widget\" data-widget_type=\"button.default\">\n\t\t\t\t<div class=\"elementor-widget-container\">\n\t\t\t\t\t<div class=\"elementor-button-wrapper\">\n\t\t\t<a class=\"elementor-button elementor-button-link elementor-size-sm\" href=\"https:\/\/promocionalesweb.com\/NAVIDAD\/\" target=\"_blank\">\n\t\t\t\t\t\t<span class=\"elementor-button-content-wrapper\">\n\t\t\t\t\t\t\t\t\t<span class=\"elementor-button-text\">Descarga Cat\u00e1logo Navidad<\/span>\n\t\t\t\t\t<\/span>\n\t\t\t\t\t<\/a>\n\t\t<\/div>\n\t\t\t\t<\/div>\n\t\t\t\t<\/div>\n\t\t\t\t<\/div>\n\t\t<div class=\"elementor-element elementor-element-8240b21 e-con-full e-flex elementor-invisible e-con e-child\" data-id=\"8240b21\" data-element_type=\"container\" data-settings=\"{&quot;background_background&quot;:&quot;classic&quot;,&quot;animation&quot;:&quot;slideInUp&quot;}\">\n\t\t<div class=\"elementor-element elementor-element-e3b94b1 e-grid e-con-full e-con e-child\" data-id=\"e3b94b1\" data-element_type=\"container\">\n\t\t\t\t<div class=\"elementor-element elementor-element-6b855e3 elementor-widget elementor-widget-text-editor\" data-id=\"6b855e3\" data-element_type=\"widget\" data-widget_type=\"text-editor.default\">\n\t\t\t\t<div class=\"elementor-widget-container\">\n\t\t\t\t\t\t\t<p>Somos distribuidores directos de promocionales y adicional le damos un toque \u00fanico al desarrollar cajas o empaque \u00fanicos para presentarlos.<\/p><p>Contamos siempre con stock promocional y podemos venderte desde 1 piezas a volumen.<\/p><p>Adicional contamos con Kits corporativos, Press Kits, Cajas Custom, Textiles, Acr\u00edlicos, Pieles y Sint\u00e9ticos, todo lo hacemos \u00fanico y especial para ti. \u00a0<\/p>\t\t\t\t\t\t<\/div>\n\t\t\t\t<\/div>\n\t\t\t\t<div class=\"elementor-element elementor-element-8ace774 elementor-widget elementor-widget-image\" data-id=\"8ace774\" data-element_type=\"widget\" data-widget_type=\"image.default\">\n\t\t\t\t<div class=\"elementor-widget-container\">\n\t\t\t\t\t\t\t\t\t\t\t\t\t<img decoding=\"async\" width=\"558\" height=\"623\" src=\"https:\/\/askhuamkt.com\/nueva\/wp-content\/uploads\/2024\/10\/promocionales-2-1.png\" class=\"attachment-large size-large wp-image-129\" alt=\"\" srcset=\"https:\/\/askhuamkt.com\/nueva\/wp-content\/uploads\/2024\/10\/promocionales-2-1.png 558w, https:\/\/askhuamkt.com\/nueva\/wp-content\/uploads\/2024\/10\/promocionales-2-1-269x300.png 269w\" sizes=\"(max-width: 558px) 100vw, 558px\" \/>\t\t\t\t\t\t\t\t\t\t\t\t\t<\/div>\n\t\t\t\t<\/div>\n\t\t\t\t<\/div>\n\t\t\t\t<div class=\"elementor-element elementor-element-81a7477 elementor-align-center elementor-widget elementor-widget-button\" data-id=\"81a7477\" data-element_type=\"widget\" data-widget_type=\"button.default\">\n\t\t\t\t<div class=\"elementor-widget-container\">\n\t\t\t\t\t<div class=\"elementor-button-wrapper\">\n\t\t\t<a class=\"elementor-button elementor-button-link elementor-size-sm\" href=\"https:\/\/askhuamkt.com\/nueva\/contacto\/\">\n\t\t\t\t\t\t<span class=\"elementor-button-content-wrapper\">\n\t\t\t\t\t\t\t\t\t<span class=\"elementor-button-text\">Cont\u00e1ctanos<\/span>\n\t\t\t\t\t<\/span>\n\t\t\t\t\t<\/a>\n\t\t<\/div>\n\t\t\t\t<\/div>\n\t\t\t\t<\/div>\n\t\t\t\t<\/div>\n\t\t\t\t\t<\/div>\n\t\t\t\t<\/div>\n\t\t<div class=\"elementor-element elementor-element-4bac4e8 e-flex e-con-boxed e-con e-parent\" data-id=\"4bac4e8\" data-element_type=\"container\">\n\t\t\t\t\t<div class=\"e-con-inner\">\n\t\t\t\t<div class=\"elementor-element elementor-element-cd9cc5a elementor-widget elementor-widget-spacer\" data-id=\"cd9cc5a\" data-element_type=\"widget\" data-widget_type=\"spacer.default\">\n\t\t\t\t<div class=\"elementor-widget-container\">\n\t\t\t\t\t<div class=\"elementor-spacer\">\n\t\t\t<div class=\"elementor-spacer-inner\"><\/div>\n\t\t<\/div>\n\t\t\t\t<\/div>\n\t\t\t\t<\/div>\n\t\t\t\t\t<\/div>\n\t\t\t\t<\/div>\n\t\t\t\t<\/div>\n\t\t","protected":false},"excerpt":{"rendered":"<p>Descarga de Cat\u00e1logo Descarga Cat\u00e1logo Navidad Somos distribuidores directos de promocionales y adicional le damos un toque \u00fanico al desarrollar cajas o empaque \u00fanicos para presentarlos. Contamos siempre con stock promocional y podemos venderte desde 1 piezas a volumen. Adicional contamos con Kits corporativos, Press Kits, Cajas Custom, Textiles, Acr\u00edlicos, Pieles y Sint\u00e9ticos, todo lo [&hellip;]<\/p>\n","protected":false},"author":1,"featured_media":0,"parent":0,"menu_order":0,"comment_status":"closed","ping_status":"closed","template":"","meta":{"footnotes":""},"class_list":["post-124","page","type-page","status-publish","hentry"],"_links":{"self":[{"href":"https:\/\/askhuamkt.com\/nueva\/wp-json\/wp\/v2\/pages\/124"}],"collection":[{"href":"https:\/\/askhuamkt.com\/nueva\/wp-json\/wp\/v2\/pages"}],"about":[{"href":"https:\/\/askhuamkt.com\/nueva\/wp-json\/wp\/v2\/types\/page"}],"author":[{"embeddable":true,"href":"https:\/\/askhuamkt.com\/nueva\/wp-json\/wp\/v2\/users\/1"}],"replies":[{"embeddable":true,"href":"https:\/\/askhuamkt.com\/nueva\/wp-json\/wp\/v2\/comments?post=124"}],"version-history":[{"count":43,"href":"https:\/\/askhuamkt.com\/nueva\/wp-json\/wp\/v2\/pages\/124\/revisions"}],"predecessor-version":[{"id":514,"href":"https:\/\/askhuamkt.com\/nueva\/wp-json\/wp\/v2\/pages\/124\/revisions\/514"}],"wp:attachment":[{"href":"https:\/\/askhuamkt.com\/nueva\/wp-json\/wp\/v2\/media?parent=124"}],"curies":[{"name":"wp","href":"https:\/\/api.w.org\/{rel}","templated":true}]}}