{"id":157,"date":"2024-10-14T17:05:04","date_gmt":"2024-10-14T17:05:04","guid":{"rendered":"https:\/\/askhuamkt.com\/nueva\/?page_id=157"},"modified":"2024-10-18T21:45:59","modified_gmt":"2024-10-18T21:45:59","slug":"diseno-grafico","status":"publish","type":"page","link":"https:\/\/askhuamkt.com\/nueva\/diseno-grafico\/","title":{"rendered":"Dise\u00f1o Gr\u00e1fico"},"content":{"rendered":"\t\t<div data-elementor-type=\"wp-post\" data-elementor-id=\"157\" class=\"elementor elementor-157\" data-elementor-post-type=\"page\">\n\t\t\t\t<div class=\"elementor-element elementor-element-98f8391 e-flex e-con-boxed e-con e-parent\" data-id=\"98f8391\" data-element_type=\"container\">\n\t\t\t\t\t<div class=\"e-con-inner\">\n\t\t\t\t<div class=\"elementor-element elementor-element-b29b3e2 elementor-widget elementor-widget-spacer\" data-id=\"b29b3e2\" data-element_type=\"widget\" data-widget_type=\"spacer.default\">\n\t\t\t\t<div class=\"elementor-widget-container\">\n\t\t\t\t\t<div class=\"elementor-spacer\">\n\t\t\t<div class=\"elementor-spacer-inner\"><\/div>\n\t\t<\/div>\n\t\t\t\t<\/div>\n\t\t\t\t<\/div>\n\t\t\t\t\t<\/div>\n\t\t\t\t<\/div>\n\t\t<div class=\"elementor-element elementor-element-229e175 e-flex e-con-boxed e-con e-parent\" data-id=\"229e175\" data-element_type=\"container\">\n\t\t\t\t\t<div class=\"e-con-inner\">\n\t\t<div class=\"elementor-element elementor-element-34a7603 e-con-full e-flex e-con e-child\" data-id=\"34a7603\" data-element_type=\"container\">\n\t\t\t\t<div class=\"elementor-element elementor-element-066e78c elementor-invisible elementor-widget elementor-widget-image\" data-id=\"066e78c\" data-element_type=\"widget\" data-settings=\"{&quot;_animation&quot;:&quot;zoomIn&quot;}\" data-widget_type=\"image.default\">\n\t\t\t\t<div class=\"elementor-widget-container\">\n\t\t\t\t\t\t\t\t\t\t\t\t\t<img fetchpriority=\"high\" decoding=\"async\" width=\"300\" height=\"188\" src=\"https:\/\/askhuamkt.com\/nueva\/wp-content\/uploads\/2024\/10\/diseno-grafico-1-300x188.png\" class=\"attachment-medium size-medium wp-image-160\" alt=\"diseno-grafico-1\" srcset=\"https:\/\/askhuamkt.com\/nueva\/wp-content\/uploads\/2024\/10\/diseno-grafico-1-300x188.png 300w, https:\/\/askhuamkt.com\/nueva\/wp-content\/uploads\/2024\/10\/diseno-grafico-1.png 389w\" sizes=\"(max-width: 300px) 100vw, 300px\" \/>\t\t\t\t\t\t\t\t\t\t\t\t\t<\/div>\n\t\t\t\t<\/div>\n\t\t\t\t<\/div>\n\t\t<div class=\"elementor-element elementor-element-8240b21 e-con-full e-flex elementor-invisible e-con e-child\" data-id=\"8240b21\" data-element_type=\"container\" data-settings=\"{&quot;background_background&quot;:&quot;classic&quot;,&quot;animation&quot;:&quot;slideInUp&quot;}\">\n\t\t<div class=\"elementor-element elementor-element-e3b94b1 e-grid e-con-full e-con e-child\" data-id=\"e3b94b1\" data-element_type=\"container\">\n\t\t\t\t<div class=\"elementor-element elementor-element-6b855e3 elementor-widget elementor-widget-text-editor\" data-id=\"6b855e3\" data-element_type=\"widget\" data-widget_type=\"text-editor.default\">\n\t\t\t\t<div class=\"elementor-widget-container\">\n\t\t\t\t\t\t\t<p>Desarrollamos estrategias de marketing y comunicaci\u00f3n plasmando nuestra creatividad y el core de tu negocio. <br \/><br \/>Tambi\u00e9n nos hacemos cargo del redise\u00f1o de tu marca y m\u00e1s. Nuestros dise\u00f1adores ayudar\u00e1n a mejorar tu identidad de marca, haciendo que tus clientes siempre te distingan. <br \/><br \/>Conceptos creativos. Lanzamiento de productos o marcas. Manuales de identidad. Igualas de dise\u00f1o. Y m\u00e1s. \u00a0<\/p>\t\t\t\t\t\t<\/div>\n\t\t\t\t<\/div>\n\t\t\t\t<div class=\"elementor-element elementor-element-8ace774 elementor-widget elementor-widget-image\" data-id=\"8ace774\" data-element_type=\"widget\" data-widget_type=\"image.default\">\n\t\t\t\t<div class=\"elementor-widget-container\">\n\t\t\t\t\t\t\t\t\t\t\t\t\t<img decoding=\"async\" width=\"563\" height=\"620\" src=\"https:\/\/askhuamkt.com\/nueva\/wp-content\/uploads\/2024\/10\/diseno-grafico-2.png\" class=\"attachment-large size-large wp-image-159\" alt=\"diseno-grafico-2\" srcset=\"https:\/\/askhuamkt.com\/nueva\/wp-content\/uploads\/2024\/10\/diseno-grafico-2.png 563w, https:\/\/askhuamkt.com\/nueva\/wp-content\/uploads\/2024\/10\/diseno-grafico-2-272x300.png 272w\" sizes=\"(max-width: 563px) 100vw, 563px\" \/>\t\t\t\t\t\t\t\t\t\t\t\t\t<\/div>\n\t\t\t\t<\/div>\n\t\t\t\t<\/div>\n\t\t\t\t<div class=\"elementor-element elementor-element-04eca6f elementor-align-center elementor-widget elementor-widget-button\" data-id=\"04eca6f\" data-element_type=\"widget\" data-widget_type=\"button.default\">\n\t\t\t\t<div class=\"elementor-widget-container\">\n\t\t\t\t\t<div class=\"elementor-button-wrapper\">\n\t\t\t<a class=\"elementor-button elementor-button-link elementor-size-sm\" href=\"https:\/\/askhuamkt.com\/nueva\/contacto\/\">\n\t\t\t\t\t\t<span class=\"elementor-button-content-wrapper\">\n\t\t\t\t\t\t\t\t\t<span class=\"elementor-button-text\">Cont\u00e1ctanos<\/span>\n\t\t\t\t\t<\/span>\n\t\t\t\t\t<\/a>\n\t\t<\/div>\n\t\t\t\t<\/div>\n\t\t\t\t<\/div>\n\t\t\t\t<\/div>\n\t\t\t\t\t<\/div>\n\t\t\t\t<\/div>\n\t\t<div class=\"elementor-element elementor-element-b4590cb e-flex e-con-boxed e-con e-parent\" data-id=\"b4590cb\" data-element_type=\"container\">\n\t\t\t\t\t<div class=\"e-con-inner\">\n\t\t\t\t\t<\/div>\n\t\t\t\t<\/div>\n\t\t<div class=\"elementor-element elementor-element-8eaf1c2 e-flex e-con-boxed e-con e-parent\" data-id=\"8eaf1c2\" data-element_type=\"container\">\n\t\t\t\t\t<div class=\"e-con-inner\">\n\t\t\t\t<div class=\"elementor-element elementor-element-06d4edc elementor-widget elementor-widget-spacer\" data-id=\"06d4edc\" data-element_type=\"widget\" data-widget_type=\"spacer.default\">\n\t\t\t\t<div class=\"elementor-widget-container\">\n\t\t\t\t\t<div class=\"elementor-spacer\">\n\t\t\t<div class=\"elementor-spacer-inner\"><\/div>\n\t\t<\/div>\n\t\t\t\t<\/div>\n\t\t\t\t<\/div>\n\t\t\t\t\t<\/div>\n\t\t\t\t<\/div>\n\t\t\t\t<\/div>\n\t\t","protected":false},"excerpt":{"rendered":"<p>Desarrollamos estrategias de marketing y comunicaci\u00f3n plasmando nuestra creatividad y el core de tu negocio. Tambi\u00e9n nos hacemos cargo del redise\u00f1o de tu marca y m\u00e1s. Nuestros dise\u00f1adores ayudar\u00e1n a mejorar tu identidad de marca, haciendo que tus clientes siempre te distingan. Conceptos creativos. Lanzamiento de productos o marcas. Manuales de identidad. Igualas de dise\u00f1o. [&hellip;]<\/p>\n","protected":false},"author":1,"featured_media":0,"parent":0,"menu_order":0,"comment_status":"closed","ping_status":"closed","template":"","meta":{"footnotes":""},"class_list":["post-157","page","type-page","status-publish","hentry"],"_links":{"self":[{"href":"https:\/\/askhuamkt.com\/nueva\/wp-json\/wp\/v2\/pages\/157"}],"collection":[{"href":"https:\/\/askhuamkt.com\/nueva\/wp-json\/wp\/v2\/pages"}],"about":[{"href":"https:\/\/askhuamkt.com\/nueva\/wp-json\/wp\/v2\/types\/page"}],"author":[{"embeddable":true,"href":"https:\/\/askhuamkt.com\/nueva\/wp-json\/wp\/v2\/users\/1"}],"replies":[{"embeddable":true,"href":"https:\/\/askhuamkt.com\/nueva\/wp-json\/wp\/v2\/comments?post=157"}],"version-history":[{"count":16,"href":"https:\/\/askhuamkt.com\/nueva\/wp-json\/wp\/v2\/pages\/157\/revisions"}],"predecessor-version":[{"id":523,"href":"https:\/\/askhuamkt.com\/nueva\/wp-json\/wp\/v2\/pages\/157\/revisions\/523"}],"wp:attachment":[{"href":"https:\/\/askhuamkt.com\/nueva\/wp-json\/wp\/v2\/media?parent=157"}],"curies":[{"name":"wp","href":"https:\/\/api.w.org\/{rel}","templated":true}]}}