{"id":177,"date":"2024-10-14T17:14:46","date_gmt":"2024-10-14T17:14:46","guid":{"rendered":"https:\/\/askhuamkt.com\/nueva\/?page_id=177"},"modified":"2024-10-18T21:47:35","modified_gmt":"2024-10-18T21:47:35","slug":"paid-media","status":"publish","type":"page","link":"https:\/\/askhuamkt.com\/nueva\/paid-media\/","title":{"rendered":"Paid Media"},"content":{"rendered":"\t\t<div data-elementor-type=\"wp-post\" data-elementor-id=\"177\" class=\"elementor elementor-177\" data-elementor-post-type=\"page\">\n\t\t\t\t<div class=\"elementor-element elementor-element-98f8391 e-flex e-con-boxed e-con e-parent\" data-id=\"98f8391\" data-element_type=\"container\">\n\t\t\t\t\t<div class=\"e-con-inner\">\n\t\t\t\t<div class=\"elementor-element elementor-element-b29b3e2 elementor-widget elementor-widget-spacer\" data-id=\"b29b3e2\" data-element_type=\"widget\" data-widget_type=\"spacer.default\">\n\t\t\t\t<div class=\"elementor-widget-container\">\n\t\t\t\t\t<div class=\"elementor-spacer\">\n\t\t\t<div class=\"elementor-spacer-inner\"><\/div>\n\t\t<\/div>\n\t\t\t\t<\/div>\n\t\t\t\t<\/div>\n\t\t\t\t\t<\/div>\n\t\t\t\t<\/div>\n\t\t<div class=\"elementor-element elementor-element-229e175 e-flex e-con-boxed e-con e-parent\" data-id=\"229e175\" data-element_type=\"container\">\n\t\t\t\t\t<div class=\"e-con-inner\">\n\t\t<div class=\"elementor-element elementor-element-34a7603 e-con-full e-flex e-con e-child\" data-id=\"34a7603\" data-element_type=\"container\">\n\t\t\t\t<div class=\"elementor-element elementor-element-066e78c elementor-invisible elementor-widget elementor-widget-image\" data-id=\"066e78c\" data-element_type=\"widget\" data-settings=\"{&quot;_animation&quot;:&quot;zoomIn&quot;}\" data-widget_type=\"image.default\">\n\t\t\t\t<div class=\"elementor-widget-container\">\n\t\t\t\t\t\t\t\t\t\t\t\t\t<img fetchpriority=\"high\" decoding=\"async\" width=\"300\" height=\"238\" src=\"https:\/\/askhuamkt.com\/nueva\/wp-content\/uploads\/2024\/10\/paid-media-1-300x238.png\" class=\"attachment-medium size-medium wp-image-180\" alt=\"\" srcset=\"https:\/\/askhuamkt.com\/nueva\/wp-content\/uploads\/2024\/10\/paid-media-1-300x238.png 300w, https:\/\/askhuamkt.com\/nueva\/wp-content\/uploads\/2024\/10\/paid-media-1.png 305w\" sizes=\"(max-width: 300px) 100vw, 300px\" \/>\t\t\t\t\t\t\t\t\t\t\t\t\t<\/div>\n\t\t\t\t<\/div>\n\t\t\t\t<\/div>\n\t\t<div class=\"elementor-element elementor-element-8240b21 e-con-full e-flex elementor-invisible e-con e-child\" data-id=\"8240b21\" data-element_type=\"container\" data-settings=\"{&quot;background_background&quot;:&quot;classic&quot;,&quot;animation&quot;:&quot;slideInUp&quot;}\">\n\t\t<div class=\"elementor-element elementor-element-e3b94b1 e-grid e-con-full e-con e-child\" data-id=\"e3b94b1\" data-element_type=\"container\">\n\t\t\t\t<div class=\"elementor-element elementor-element-6b855e3 elementor-widget elementor-widget-text-editor\" data-id=\"6b855e3\" data-element_type=\"widget\" data-widget_type=\"text-editor.default\">\n\t\t\t\t<div class=\"elementor-widget-container\">\n\t\t\t\t\t\t\t<p><strong>\u00bfQuieres vender m\u00e1s?<\/strong> <br \/><br \/>Dise\u00f1amos estrategias digitales de forma personalizada para que obtengas un retorno de inversi\u00f3n en Ads. Descubre m\u00e1s prospectos y concreta m\u00e1s ventas con una estrategia hecha a la medida de tu marca. <br \/><br \/>Contamos con certificaci\u00f3n en Google, atendemos todas las redes sociales \u00a0<\/p>\t\t\t\t\t\t<\/div>\n\t\t\t\t<\/div>\n\t\t\t\t<div class=\"elementor-element elementor-element-8ace774 elementor-widget elementor-widget-image\" data-id=\"8ace774\" data-element_type=\"widget\" data-widget_type=\"image.default\">\n\t\t\t\t<div class=\"elementor-widget-container\">\n\t\t\t\t\t\t\t\t\t\t\t\t\t<img decoding=\"async\" width=\"605\" height=\"369\" src=\"https:\/\/askhuamkt.com\/nueva\/wp-content\/uploads\/2024\/10\/paid-media-2.png\" class=\"attachment-large size-large wp-image-179\" alt=\"\" srcset=\"https:\/\/askhuamkt.com\/nueva\/wp-content\/uploads\/2024\/10\/paid-media-2.png 605w, https:\/\/askhuamkt.com\/nueva\/wp-content\/uploads\/2024\/10\/paid-media-2-300x183.png 300w\" sizes=\"(max-width: 605px) 100vw, 605px\" \/>\t\t\t\t\t\t\t\t\t\t\t\t\t<\/div>\n\t\t\t\t<\/div>\n\t\t\t\t<\/div>\n\t\t\t\t<div class=\"elementor-element elementor-element-e44aec2 elementor-align-center elementor-widget elementor-widget-button\" data-id=\"e44aec2\" data-element_type=\"widget\" data-widget_type=\"button.default\">\n\t\t\t\t<div class=\"elementor-widget-container\">\n\t\t\t\t\t<div class=\"elementor-button-wrapper\">\n\t\t\t<a class=\"elementor-button elementor-button-link elementor-size-sm\" href=\"https:\/\/askhuamkt.com\/nueva\/contacto\/\">\n\t\t\t\t\t\t<span class=\"elementor-button-content-wrapper\">\n\t\t\t\t\t\t\t\t\t<span class=\"elementor-button-text\">Cont\u00e1ctanos<\/span>\n\t\t\t\t\t<\/span>\n\t\t\t\t\t<\/a>\n\t\t<\/div>\n\t\t\t\t<\/div>\n\t\t\t\t<\/div>\n\t\t\t\t<\/div>\n\t\t\t\t\t<\/div>\n\t\t\t\t<\/div>\n\t\t<div class=\"elementor-element elementor-element-5fcea67 e-flex e-con-boxed e-con e-parent\" data-id=\"5fcea67\" data-element_type=\"container\">\n\t\t\t\t\t<div class=\"e-con-inner\">\n\t\t\t\t<div class=\"elementor-element elementor-element-e6dff33 elementor-widget elementor-widget-spacer\" data-id=\"e6dff33\" data-element_type=\"widget\" data-widget_type=\"spacer.default\">\n\t\t\t\t<div class=\"elementor-widget-container\">\n\t\t\t\t\t<div class=\"elementor-spacer\">\n\t\t\t<div class=\"elementor-spacer-inner\"><\/div>\n\t\t<\/div>\n\t\t\t\t<\/div>\n\t\t\t\t<\/div>\n\t\t\t\t\t<\/div>\n\t\t\t\t<\/div>\n\t\t\t\t<\/div>\n\t\t","protected":false},"excerpt":{"rendered":"<p>\u00bfQuieres vender m\u00e1s? Dise\u00f1amos estrategias digitales de forma personalizada para que obtengas un retorno de inversi\u00f3n en Ads. Descubre m\u00e1s prospectos y concreta m\u00e1s ventas con una estrategia hecha a la medida de tu marca. Contamos con certificaci\u00f3n en Google, atendemos todas las redes sociales \u00a0 Cont\u00e1ctanos<\/p>\n","protected":false},"author":1,"featured_media":0,"parent":0,"menu_order":0,"comment_status":"closed","ping_status":"closed","template":"","meta":{"footnotes":""},"class_list":["post-177","page","type-page","status-publish","hentry"],"_links":{"self":[{"href":"https:\/\/askhuamkt.com\/nueva\/wp-json\/wp\/v2\/pages\/177"}],"collection":[{"href":"https:\/\/askhuamkt.com\/nueva\/wp-json\/wp\/v2\/pages"}],"about":[{"href":"https:\/\/askhuamkt.com\/nueva\/wp-json\/wp\/v2\/types\/page"}],"author":[{"embeddable":true,"href":"https:\/\/askhuamkt.com\/nueva\/wp-json\/wp\/v2\/users\/1"}],"replies":[{"embeddable":true,"href":"https:\/\/askhuamkt.com\/nueva\/wp-json\/wp\/v2\/comments?post=177"}],"version-history":[{"count":10,"href":"https:\/\/askhuamkt.com\/nueva\/wp-json\/wp\/v2\/pages\/177\/revisions"}],"predecessor-version":[{"id":529,"href":"https:\/\/askhuamkt.com\/nueva\/wp-json\/wp\/v2\/pages\/177\/revisions\/529"}],"wp:attachment":[{"href":"https:\/\/askhuamkt.com\/nueva\/wp-json\/wp\/v2\/media?parent=177"}],"curies":[{"name":"wp","href":"https:\/\/api.w.org\/{rel}","templated":true}]}}