{"id":203,"date":"2024-10-14T17:30:26","date_gmt":"2024-10-14T17:30:26","guid":{"rendered":"https:\/\/askhuamkt.com\/nueva\/?page_id=203"},"modified":"2024-10-14T22:25:38","modified_gmt":"2024-10-14T22:25:38","slug":"blog","status":"publish","type":"page","link":"https:\/\/askhuamkt.com\/nueva\/blog\/","title":{"rendered":"BLOG"},"content":{"rendered":"\t\t<div data-elementor-type=\"wp-page\" data-elementor-id=\"203\" class=\"elementor elementor-203\" data-elementor-post-type=\"page\">\n\t\t\t\t<div class=\"elementor-element elementor-element-02402c4 e-flex e-con-boxed e-con e-parent\" data-id=\"02402c4\" data-element_type=\"container\">\n\t\t\t\t\t<div class=\"e-con-inner\">\n\t\t\t\t<div class=\"elementor-element elementor-element-bd90c08 elementor-widget elementor-widget-spacer\" data-id=\"bd90c08\" data-element_type=\"widget\" data-widget_type=\"spacer.default\">\n\t\t\t\t<div class=\"elementor-widget-container\">\n\t\t\t\t\t<div class=\"elementor-spacer\">\n\t\t\t<div class=\"elementor-spacer-inner\"><\/div>\n\t\t<\/div>\n\t\t\t\t<\/div>\n\t\t\t\t<\/div>\n\t\t\t\t\t<\/div>\n\t\t\t\t<\/div>\n\t\t<div class=\"elementor-element elementor-element-4b2c01a e-flex e-con-boxed e-con e-parent\" data-id=\"4b2c01a\" data-element_type=\"container\">\n\t\t\t\t\t<div class=\"e-con-inner\">\n\t\t<div class=\"elementor-element elementor-element-288de09 e-con-full e-flex e-con e-child\" data-id=\"288de09\" data-element_type=\"container\">\n\t\t\t\t<\/div>\n\t\t<div class=\"elementor-element elementor-element-b8dd8c5 e-con-full e-flex e-con e-child\" data-id=\"b8dd8c5\" data-element_type=\"container\">\n\t\t\t\t<div class=\"elementor-element elementor-element-2f0ffdb elementor-widget elementor-widget-heading\" data-id=\"2f0ffdb\" data-element_type=\"widget\" data-widget_type=\"heading.default\">\n\t\t\t\t<div class=\"elementor-widget-container\">\n\t\t\t<h1 class=\"elementor-heading-title elementor-size-default\">Blog<\/h1>\t\t<\/div>\n\t\t\t\t<\/div>\n\t\t\t\t<\/div>\n\t\t<div class=\"elementor-element elementor-element-3acebfa e-con-full e-flex e-con e-child\" data-id=\"3acebfa\" data-element_type=\"container\">\n\t\t\t\t<\/div>\n\t\t\t\t\t<\/div>\n\t\t\t\t<\/div>\n\t\t<div class=\"elementor-element elementor-element-8816672 e-flex e-con-boxed e-con e-parent\" data-id=\"8816672\" data-element_type=\"container\" data-settings=\"{&quot;background_background&quot;:&quot;classic&quot;}\">\n\t\t\t\t\t<div class=\"e-con-inner\">\n\t\t\t\t<div class=\"elementor-element elementor-element-1ec56df elementor-grid-3 elementor-grid-tablet-2 elementor-grid-mobile-1 elementor-posts--thumbnail-top elementor-widget elementor-widget-posts\" data-id=\"1ec56df\" data-element_type=\"widget\" data-settings=\"{&quot;pagination_type&quot;:&quot;prev_next&quot;,&quot;classic_columns&quot;:&quot;3&quot;,&quot;classic_columns_tablet&quot;:&quot;2&quot;,&quot;classic_columns_mobile&quot;:&quot;1&quot;,&quot;classic_row_gap&quot;:{&quot;unit&quot;:&quot;px&quot;,&quot;size&quot;:35,&quot;sizes&quot;:[]},&quot;classic_row_gap_tablet&quot;:{&quot;unit&quot;:&quot;px&quot;,&quot;size&quot;:&quot;&quot;,&quot;sizes&quot;:[]},&quot;classic_row_gap_mobile&quot;:{&quot;unit&quot;:&quot;px&quot;,&quot;size&quot;:&quot;&quot;,&quot;sizes&quot;:[]}}\" data-widget_type=\"posts.classic\">\n\t\t\t\t<div class=\"elementor-widget-container\">\n\t\t\t\t\t<div class=\"elementor-posts-container elementor-posts elementor-posts--skin-classic elementor-grid\">\n\t\t\t\t<article class=\"elementor-post elementor-grid-item post-332 post type-post status-publish format-standard has-post-thumbnail hentry category-blog\">\n\t\t\t\t<a class=\"elementor-post__thumbnail__link\" href=\"https:\/\/askhuamkt.com\/nueva\/5-tips-de-la-importancia-del-storytelling-en-el-marketing\/\" tabindex=\"-1\" >\n\t\t\t<div class=\"elementor-post__thumbnail\"><img fetchpriority=\"high\" decoding=\"async\" width=\"300\" height=\"251\" src=\"https:\/\/askhuamkt.com\/nueva\/wp-content\/uploads\/2024\/10\/5tipsdelaimportanciadelStorytellingenelMarketing-300x251.jpg\" class=\"attachment-medium size-medium wp-image-255\" alt=\"5 tips de la importancia del Storytelling en el Marketing\" srcset=\"https:\/\/askhuamkt.com\/nueva\/wp-content\/uploads\/2024\/10\/5tipsdelaimportanciadelStorytellingenelMarketing-300x251.jpg 300w, https:\/\/askhuamkt.com\/nueva\/wp-content\/uploads\/2024\/10\/5tipsdelaimportanciadelStorytellingenelMarketing-768x644.jpg 768w, https:\/\/askhuamkt.com\/nueva\/wp-content\/uploads\/2024\/10\/5tipsdelaimportanciadelStorytellingenelMarketing.jpg 940w\" sizes=\"(max-width: 300px) 100vw, 300px\" \/><\/div>\n\t\t<\/a>\n\t\t\t\t<div class=\"elementor-post__text\">\n\t\t\t\t<h3 class=\"elementor-post__title\">\n\t\t\t<a href=\"https:\/\/askhuamkt.com\/nueva\/5-tips-de-la-importancia-del-storytelling-en-el-marketing\/\" >\n\t\t\t\t5 tips de la importancia del Storytelling en el Marketing\t\t\t<\/a>\n\t\t<\/h3>\n\t\t\t\t<div class=\"elementor-post__excerpt\">\n\t\t\t<p>5 tips de la importancia del Storytelling en el Marketing Muchas personas est\u00e1n pasando por la situaci\u00f3n en que el relator est\u00e1 contando una historia<\/p>\n\t\t<\/div>\n\t\t\t\t\t<div class=\"elementor-post__read-more-wrapper\">\n\t\t\n\t\t<a class=\"elementor-post__read-more\" href=\"https:\/\/askhuamkt.com\/nueva\/5-tips-de-la-importancia-del-storytelling-en-el-marketing\/\" aria-label=\"Read more about 5 tips de la importancia del Storytelling en el Marketing\" tabindex=\"-1\" >\n\t\t\tLeer m\u00e1s \u00bb\t\t<\/a>\n\n\t\t\t\t\t<\/div>\n\t\t\t\t<\/div>\n\t\t\t\t<\/article>\n\t\t\t\t<article class=\"elementor-post elementor-grid-item post-324 post type-post status-publish format-standard has-post-thumbnail hentry category-blog\">\n\t\t\t\t<a class=\"elementor-post__thumbnail__link\" href=\"https:\/\/askhuamkt.com\/nueva\/estrategias-enfocadas-en-redes-sociales\/\" tabindex=\"-1\" >\n\t\t\t<div class=\"elementor-post__thumbnail\"><img decoding=\"async\" width=\"300\" height=\"174\" src=\"https:\/\/askhuamkt.com\/nueva\/wp-content\/uploads\/2024\/10\/EstrategiasenfocadasenRedesSociales-300x174.jpg\" class=\"attachment-medium size-medium wp-image-254\" alt=\"EstrategiasenfocadasenRedesSociales\" srcset=\"https:\/\/askhuamkt.com\/nueva\/wp-content\/uploads\/2024\/10\/EstrategiasenfocadasenRedesSociales-300x174.jpg 300w, https:\/\/askhuamkt.com\/nueva\/wp-content\/uploads\/2024\/10\/EstrategiasenfocadasenRedesSociales-768x446.jpg 768w, https:\/\/askhuamkt.com\/nueva\/wp-content\/uploads\/2024\/10\/EstrategiasenfocadasenRedesSociales.jpg 900w\" sizes=\"(max-width: 300px) 100vw, 300px\" \/><\/div>\n\t\t<\/a>\n\t\t\t\t<div class=\"elementor-post__text\">\n\t\t\t\t<h3 class=\"elementor-post__title\">\n\t\t\t<a href=\"https:\/\/askhuamkt.com\/nueva\/estrategias-enfocadas-en-redes-sociales\/\" >\n\t\t\t\tEstrategias enfocadas en Redes Sociales\t\t\t<\/a>\n\t\t<\/h3>\n\t\t\t\t<div class=\"elementor-post__excerpt\">\n\t\t\t<p>Estrategias Enfocadas En Redes Sociales Estrategias enfocadas en Redes Sociales Resulta fundamental para cualquier marca tener una presencia que no pase desapercibida en redes sociales<\/p>\n\t\t<\/div>\n\t\t\t\t\t<div class=\"elementor-post__read-more-wrapper\">\n\t\t\n\t\t<a class=\"elementor-post__read-more\" href=\"https:\/\/askhuamkt.com\/nueva\/estrategias-enfocadas-en-redes-sociales\/\" aria-label=\"Read more about Estrategias enfocadas en Redes Sociales\" tabindex=\"-1\" >\n\t\t\tLeer m\u00e1s \u00bb\t\t<\/a>\n\n\t\t\t\t\t<\/div>\n\t\t\t\t<\/div>\n\t\t\t\t<\/article>\n\t\t\t\t<article class=\"elementor-post elementor-grid-item post-319 post type-post status-publish format-standard has-post-thumbnail hentry category-blog\">\n\t\t\t\t<a class=\"elementor-post__thumbnail__link\" href=\"https:\/\/askhuamkt.com\/nueva\/dia-internacional-de-la-mujer\/\" tabindex=\"-1\" >\n\t\t\t<div class=\"elementor-post__thumbnail\"><img decoding=\"async\" width=\"300\" height=\"251\" src=\"https:\/\/askhuamkt.com\/nueva\/wp-content\/uploads\/2024\/10\/DaInternacionaldelaMujer-300x251.jpg\" class=\"attachment-medium size-medium wp-image-253\" alt=\"DaInternacionaldelaMujer\" srcset=\"https:\/\/askhuamkt.com\/nueva\/wp-content\/uploads\/2024\/10\/DaInternacionaldelaMujer-300x251.jpg 300w, https:\/\/askhuamkt.com\/nueva\/wp-content\/uploads\/2024\/10\/DaInternacionaldelaMujer-768x644.jpg 768w, https:\/\/askhuamkt.com\/nueva\/wp-content\/uploads\/2024\/10\/DaInternacionaldelaMujer.jpg 940w\" sizes=\"(max-width: 300px) 100vw, 300px\" \/><\/div>\n\t\t<\/a>\n\t\t\t\t<div class=\"elementor-post__text\">\n\t\t\t\t<h3 class=\"elementor-post__title\">\n\t\t\t<a href=\"https:\/\/askhuamkt.com\/nueva\/dia-internacional-de-la-mujer\/\" >\n\t\t\t\tD\u00eda Internacional de la Mujer\t\t\t<\/a>\n\t\t<\/h3>\n\t\t\t\t<div class=\"elementor-post__excerpt\">\n\t\t\t<p>D\u00eda Internacional de la Mujer El 8 de marzo se conmemora el D\u00eda Internacional de la Mujer, una fecha que, anualmente, busca conmemorar y celebrar<\/p>\n\t\t<\/div>\n\t\t\t\t\t<div class=\"elementor-post__read-more-wrapper\">\n\t\t\n\t\t<a class=\"elementor-post__read-more\" href=\"https:\/\/askhuamkt.com\/nueva\/dia-internacional-de-la-mujer\/\" aria-label=\"Read more about D\u00eda Internacional de la Mujer\" tabindex=\"-1\" >\n\t\t\tLeer m\u00e1s \u00bb\t\t<\/a>\n\n\t\t\t\t\t<\/div>\n\t\t\t\t<\/div>\n\t\t\t\t<\/article>\n\t\t\t\t<article class=\"elementor-post elementor-grid-item post-314 post type-post status-publish format-standard has-post-thumbnail hentry category-blog\">\n\t\t\t\t<a class=\"elementor-post__thumbnail__link\" href=\"https:\/\/askhuamkt.com\/nueva\/la-vital-importancia-del-marketing-digital\/\" tabindex=\"-1\" >\n\t\t\t<div class=\"elementor-post__thumbnail\"><img loading=\"lazy\" decoding=\"async\" width=\"300\" height=\"200\" src=\"https:\/\/askhuamkt.com\/nueva\/wp-content\/uploads\/2024\/10\/Lavitalimportanciadelmarketingdigital-300x200.jpg\" class=\"attachment-medium size-medium wp-image-252\" alt=\"Lavitalimportanciadelmarketingdigital\" srcset=\"https:\/\/askhuamkt.com\/nueva\/wp-content\/uploads\/2024\/10\/Lavitalimportanciadelmarketingdigital-300x200.jpg 300w, https:\/\/askhuamkt.com\/nueva\/wp-content\/uploads\/2024\/10\/Lavitalimportanciadelmarketingdigital-768x512.jpg 768w, https:\/\/askhuamkt.com\/nueva\/wp-content\/uploads\/2024\/10\/Lavitalimportanciadelmarketingdigital.jpg 1024w\" sizes=\"(max-width: 300px) 100vw, 300px\" \/><\/div>\n\t\t<\/a>\n\t\t\t\t<div class=\"elementor-post__text\">\n\t\t\t\t<h3 class=\"elementor-post__title\">\n\t\t\t<a href=\"https:\/\/askhuamkt.com\/nueva\/la-vital-importancia-del-marketing-digital\/\" >\n\t\t\t\tLa vital importancia del marketing digital\t\t\t<\/a>\n\t\t<\/h3>\n\t\t\t\t<div class=\"elementor-post__excerpt\">\n\t\t\t<p>La vital importancia del marketing digital Antes de que iniciara la pandemia en M\u00e9xico, ya era de vital importancia para las marcas y empresas poder<\/p>\n\t\t<\/div>\n\t\t\t\t\t<div class=\"elementor-post__read-more-wrapper\">\n\t\t\n\t\t<a class=\"elementor-post__read-more\" href=\"https:\/\/askhuamkt.com\/nueva\/la-vital-importancia-del-marketing-digital\/\" aria-label=\"Read more about La vital importancia del marketing digital\" tabindex=\"-1\" >\n\t\t\tLeer m\u00e1s \u00bb\t\t<\/a>\n\n\t\t\t\t\t<\/div>\n\t\t\t\t<\/div>\n\t\t\t\t<\/article>\n\t\t\t\t<article class=\"elementor-post elementor-grid-item post-309 post type-post status-publish format-standard has-post-thumbnail hentry category-blog\">\n\t\t\t\t<a class=\"elementor-post__thumbnail__link\" href=\"https:\/\/askhuamkt.com\/nueva\/el-14-de-febrero-y-su-relacion-con-la-mercadotecnia-y-el-consumo\/\" tabindex=\"-1\" >\n\t\t\t<div class=\"elementor-post__thumbnail\"><img loading=\"lazy\" decoding=\"async\" width=\"300\" height=\"251\" src=\"https:\/\/askhuamkt.com\/nueva\/wp-content\/uploads\/2024\/10\/El14defebreroysurelacinconlamercadotecniayelconsumo-300x251.jpg\" class=\"attachment-medium size-medium wp-image-251\" alt=\"El 14 de febrero\" srcset=\"https:\/\/askhuamkt.com\/nueva\/wp-content\/uploads\/2024\/10\/El14defebreroysurelacinconlamercadotecniayelconsumo-300x251.jpg 300w, https:\/\/askhuamkt.com\/nueva\/wp-content\/uploads\/2024\/10\/El14defebreroysurelacinconlamercadotecniayelconsumo-768x644.jpg 768w, https:\/\/askhuamkt.com\/nueva\/wp-content\/uploads\/2024\/10\/El14defebreroysurelacinconlamercadotecniayelconsumo.jpg 940w\" sizes=\"(max-width: 300px) 100vw, 300px\" \/><\/div>\n\t\t<\/a>\n\t\t\t\t<div class=\"elementor-post__text\">\n\t\t\t\t<h3 class=\"elementor-post__title\">\n\t\t\t<a href=\"https:\/\/askhuamkt.com\/nueva\/el-14-de-febrero-y-su-relacion-con-la-mercadotecnia-y-el-consumo\/\" >\n\t\t\t\tEl 14 de febrero y su relaci\u00f3n con la mercadotecnia y el consumo.\t\t\t<\/a>\n\t\t<\/h3>\n\t\t\t\t<div class=\"elementor-post__excerpt\">\n\t\t\t<p>El 14 de febrero y su relaci\u00f3n con la mercadotecnia y el consumo. El 14 de febrero y su relaci\u00f3n con la mercadotecnia y el<\/p>\n\t\t<\/div>\n\t\t\t\t\t<div class=\"elementor-post__read-more-wrapper\">\n\t\t\n\t\t<a class=\"elementor-post__read-more\" href=\"https:\/\/askhuamkt.com\/nueva\/el-14-de-febrero-y-su-relacion-con-la-mercadotecnia-y-el-consumo\/\" aria-label=\"Read more about El 14 de febrero y su relaci\u00f3n con la mercadotecnia y el consumo.\" tabindex=\"-1\" >\n\t\t\tLeer m\u00e1s \u00bb\t\t<\/a>\n\n\t\t\t\t\t<\/div>\n\t\t\t\t<\/div>\n\t\t\t\t<\/article>\n\t\t\t\t<article class=\"elementor-post elementor-grid-item post-304 post type-post status-publish format-standard has-post-thumbnail hentry category-blog\">\n\t\t\t\t<a class=\"elementor-post__thumbnail__link\" href=\"https:\/\/askhuamkt.com\/nueva\/14-de-febrero-happy-marketing-day\/\" tabindex=\"-1\" >\n\t\t\t<div class=\"elementor-post__thumbnail\"><img loading=\"lazy\" decoding=\"async\" width=\"300\" height=\"251\" src=\"https:\/\/askhuamkt.com\/nueva\/wp-content\/uploads\/2024\/10\/14defebreroHappyMarketingday-300x251.jpg\" class=\"attachment-medium size-medium wp-image-250\" alt=\"14defebreroHappyMarketingday\" srcset=\"https:\/\/askhuamkt.com\/nueva\/wp-content\/uploads\/2024\/10\/14defebreroHappyMarketingday-300x251.jpg 300w, https:\/\/askhuamkt.com\/nueva\/wp-content\/uploads\/2024\/10\/14defebreroHappyMarketingday-768x644.jpg 768w, https:\/\/askhuamkt.com\/nueva\/wp-content\/uploads\/2024\/10\/14defebreroHappyMarketingday.jpg 940w\" sizes=\"(max-width: 300px) 100vw, 300px\" \/><\/div>\n\t\t<\/a>\n\t\t\t\t<div class=\"elementor-post__text\">\n\t\t\t\t<h3 class=\"elementor-post__title\">\n\t\t\t<a href=\"https:\/\/askhuamkt.com\/nueva\/14-de-febrero-happy-marketing-day\/\" >\n\t\t\t\t14 de febrero. \u201cHappy Marketing day\u201d\t\t\t<\/a>\n\t\t<\/h3>\n\t\t\t\t<div class=\"elementor-post__excerpt\">\n\t\t\t<p>14 de febrero. \u201cHappy Marketing day\u201d De todos es bien sabido, pero de muy pocos comprendidos que tanto el 14 de febrero, el 10 de<\/p>\n\t\t<\/div>\n\t\t\t\t\t<div class=\"elementor-post__read-more-wrapper\">\n\t\t\n\t\t<a class=\"elementor-post__read-more\" href=\"https:\/\/askhuamkt.com\/nueva\/14-de-febrero-happy-marketing-day\/\" aria-label=\"Read more about 14 de febrero. \u201cHappy Marketing day\u201d\" tabindex=\"-1\" >\n\t\t\tLeer m\u00e1s \u00bb\t\t<\/a>\n\n\t\t\t\t\t<\/div>\n\t\t\t\t<\/div>\n\t\t\t\t<\/article>\n\t\t\t\t<\/div>\n\t\t\n\t\t\t\t<div class=\"e-load-more-anchor\" data-page=\"1\" data-max-page=\"2\" data-next-page=\"https:\/\/askhuamkt.com\/nueva\/wp-json\/wp\/v2\/pages\/203\/page\/2\/\"><\/div>\n\t\t\t\t<nav class=\"elementor-pagination\" aria-label=\"Pagination\">\n\t\t\t<span class=\"page-numbers prev\">&laquo; Anterior<\/span>\n<a class=\"page-numbers next\" href=\"https:\/\/askhuamkt.com\/nueva\/wp-json\/wp\/v2\/pages\/203\/page\/2\/\">Siguiente &raquo;<\/a>\t\t<\/nav>\n\t\t\t\t<\/div>\n\t\t\t\t<\/div>\n\t\t\t\t\t<\/div>\n\t\t\t\t<\/div>\n\t\t\t\t<\/div>\n\t\t","protected":false},"excerpt":{"rendered":"<p>Blog<\/p>\n","protected":false},"author":1,"featured_media":0,"parent":0,"menu_order":0,"comment_status":"closed","ping_status":"closed","template":"elementor_header_footer","meta":{"footnotes":""},"class_list":["post-203","page","type-page","status-publish","hentry"],"_links":{"self":[{"href":"https:\/\/askhuamkt.com\/nueva\/wp-json\/wp\/v2\/pages\/203"}],"collection":[{"href":"https:\/\/askhuamkt.com\/nueva\/wp-json\/wp\/v2\/pages"}],"about":[{"href":"https:\/\/askhuamkt.com\/nueva\/wp-json\/wp\/v2\/types\/page"}],"author":[{"embeddable":true,"href":"https:\/\/askhuamkt.com\/nueva\/wp-json\/wp\/v2\/users\/1"}],"replies":[{"embeddable":true,"href":"https:\/\/askhuamkt.com\/nueva\/wp-json\/wp\/v2\/comments?post=203"}],"version-history":[{"count":21,"href":"https:\/\/askhuamkt.com\/nueva\/wp-json\/wp\/v2\/pages\/203\/revisions"}],"predecessor-version":[{"id":360,"href":"https:\/\/askhuamkt.com\/nueva\/wp-json\/wp\/v2\/pages\/203\/revisions\/360"}],"wp:attachment":[{"href":"https:\/\/askhuamkt.com\/nueva\/wp-json\/wp\/v2\/media?parent=203"}],"curies":[{"name":"wp","href":"https:\/\/api.w.org\/{rel}","templated":true}]}}