{"id":88,"date":"2024-10-11T18:45:10","date_gmt":"2024-10-11T18:45:10","guid":{"rendered":"https:\/\/askhuamkt.com\/nueva\/?page_id=88"},"modified":"2024-10-18T21:45:05","modified_gmt":"2024-10-18T21:45:05","slug":"stands-and-display","status":"publish","type":"page","link":"https:\/\/askhuamkt.com\/nueva\/stands-and-display\/","title":{"rendered":"Stands and Display"},"content":{"rendered":"\t\t<div data-elementor-type=\"wp-post\" data-elementor-id=\"88\" class=\"elementor elementor-88\" data-elementor-post-type=\"page\">\n\t\t\t\t<div class=\"elementor-element elementor-element-98f8391 e-flex e-con-boxed e-con e-parent\" data-id=\"98f8391\" data-element_type=\"container\">\n\t\t\t\t\t<div class=\"e-con-inner\">\n\t\t\t\t<div class=\"elementor-element elementor-element-b29b3e2 elementor-widget elementor-widget-spacer\" data-id=\"b29b3e2\" data-element_type=\"widget\" data-widget_type=\"spacer.default\">\n\t\t\t\t<div class=\"elementor-widget-container\">\n\t\t\t\t\t<div class=\"elementor-spacer\">\n\t\t\t<div class=\"elementor-spacer-inner\"><\/div>\n\t\t<\/div>\n\t\t\t\t<\/div>\n\t\t\t\t<\/div>\n\t\t\t\t\t<\/div>\n\t\t\t\t<\/div>\n\t\t<div class=\"elementor-element elementor-element-229e175 e-flex e-con-boxed e-con e-parent\" data-id=\"229e175\" data-element_type=\"container\">\n\t\t\t\t\t<div class=\"e-con-inner\">\n\t\t<div class=\"elementor-element elementor-element-34a7603 e-con-full e-flex e-con e-child\" data-id=\"34a7603\" data-element_type=\"container\">\n\t\t\t\t<div class=\"elementor-element elementor-element-066e78c elementor-invisible elementor-widget elementor-widget-image\" data-id=\"066e78c\" data-element_type=\"widget\" data-settings=\"{&quot;_animation&quot;:&quot;zoomIn&quot;}\" data-widget_type=\"image.default\">\n\t\t\t\t<div class=\"elementor-widget-container\">\n\t\t\t\t\t\t\t\t\t\t\t\t\t<img fetchpriority=\"high\" decoding=\"async\" width=\"497\" height=\"263\" src=\"https:\/\/askhuamkt.com\/nueva\/wp-content\/uploads\/2024\/10\/stands-title.png\" class=\"attachment-large size-large wp-image-90\" alt=\"stands-title\" srcset=\"https:\/\/askhuamkt.com\/nueva\/wp-content\/uploads\/2024\/10\/stands-title.png 497w, https:\/\/askhuamkt.com\/nueva\/wp-content\/uploads\/2024\/10\/stands-title-300x159.png 300w\" sizes=\"(max-width: 497px) 100vw, 497px\" \/>\t\t\t\t\t\t\t\t\t\t\t\t\t<\/div>\n\t\t\t\t<\/div>\n\t\t\t\t<\/div>\n\t\t<div class=\"elementor-element elementor-element-8240b21 e-con-full e-flex elementor-invisible e-con e-child\" data-id=\"8240b21\" data-element_type=\"container\" data-settings=\"{&quot;background_background&quot;:&quot;classic&quot;,&quot;animation&quot;:&quot;slideInUp&quot;}\">\n\t\t<div class=\"elementor-element elementor-element-e3b94b1 e-grid e-con-full e-con e-child\" data-id=\"e3b94b1\" data-element_type=\"container\">\n\t\t\t\t<div class=\"elementor-element elementor-element-6b855e3 elementor-widget elementor-widget-text-editor\" data-id=\"6b855e3\" data-element_type=\"widget\" data-widget_type=\"text-editor.default\">\n\t\t\t\t<div class=\"elementor-widget-container\">\n\t\t\t\t\t\t\t<p><strong>\u00bfNecesitas escenograf\u00edas, Photo Opportunity, Standees, Exhididores , Banners, Material POP o Stands?<\/strong><br \/><br \/>Desarrollamos todo a la necesidad de nuestros clientes . Contamos con renta de mobiliario, pantallas, iluminaci\u00f3n, impresiones, letreros, cajas de luz, transportaci\u00f3n, montaje y desmontaje de los mismos.<\/p>\t\t\t\t\t\t<\/div>\n\t\t\t\t<\/div>\n\t\t\t\t<div class=\"elementor-element elementor-element-8ace774 elementor-widget elementor-widget-image\" data-id=\"8ace774\" data-element_type=\"widget\" data-widget_type=\"image.default\">\n\t\t\t\t<div class=\"elementor-widget-container\">\n\t\t\t\t\t\t\t\t\t\t\t\t\t<img decoding=\"async\" width=\"591\" height=\"626\" src=\"https:\/\/askhuamkt.com\/nueva\/wp-content\/uploads\/2024\/10\/stands.png\" class=\"attachment-large size-large wp-image-91\" alt=\"stands\" srcset=\"https:\/\/askhuamkt.com\/nueva\/wp-content\/uploads\/2024\/10\/stands.png 591w, https:\/\/askhuamkt.com\/nueva\/wp-content\/uploads\/2024\/10\/stands-283x300.png 283w\" sizes=\"(max-width: 591px) 100vw, 591px\" \/>\t\t\t\t\t\t\t\t\t\t\t\t\t<\/div>\n\t\t\t\t<\/div>\n\t\t\t\t<\/div>\n\t\t\t\t<div class=\"elementor-element elementor-element-64714a8 elementor-align-center elementor-widget elementor-widget-button\" data-id=\"64714a8\" data-element_type=\"widget\" data-widget_type=\"button.default\">\n\t\t\t\t<div class=\"elementor-widget-container\">\n\t\t\t\t\t<div class=\"elementor-button-wrapper\">\n\t\t\t<a class=\"elementor-button elementor-button-link elementor-size-sm\" href=\"https:\/\/askhuamkt.com\/nueva\/contacto\/\">\n\t\t\t\t\t\t<span class=\"elementor-button-content-wrapper\">\n\t\t\t\t\t\t\t\t\t<span class=\"elementor-button-text\">Cont\u00e1ctanos<\/span>\n\t\t\t\t\t<\/span>\n\t\t\t\t\t<\/a>\n\t\t<\/div>\n\t\t\t\t<\/div>\n\t\t\t\t<\/div>\n\t\t\t\t<\/div>\n\t\t\t\t\t<\/div>\n\t\t\t\t<\/div>\n\t\t<div class=\"elementor-element elementor-element-3e224bd e-flex e-con-boxed e-con e-parent\" data-id=\"3e224bd\" data-element_type=\"container\">\n\t\t\t\t\t<div class=\"e-con-inner\">\n\t\t\t\t<div class=\"elementor-element elementor-element-1cf1c47 elementor-widget elementor-widget-spacer\" data-id=\"1cf1c47\" data-element_type=\"widget\" data-widget_type=\"spacer.default\">\n\t\t\t\t<div class=\"elementor-widget-container\">\n\t\t\t\t\t<div class=\"elementor-spacer\">\n\t\t\t<div class=\"elementor-spacer-inner\"><\/div>\n\t\t<\/div>\n\t\t\t\t<\/div>\n\t\t\t\t<\/div>\n\t\t\t\t\t<\/div>\n\t\t\t\t<\/div>\n\t\t\t\t<\/div>\n\t\t","protected":false},"excerpt":{"rendered":"<p>\u00bfNecesitas escenograf\u00edas, Photo Opportunity, Standees, Exhididores , Banners, Material POP o Stands? Desarrollamos todo a la necesidad de nuestros clientes . Contamos con renta de mobiliario, pantallas, iluminaci\u00f3n, impresiones, letreros, cajas de luz, transportaci\u00f3n, montaje y desmontaje de los mismos. Cont\u00e1ctanos<\/p>\n","protected":false},"author":1,"featured_media":0,"parent":0,"menu_order":0,"comment_status":"closed","ping_status":"closed","template":"","meta":{"footnotes":""},"class_list":["post-88","page","type-page","status-publish","hentry"],"_links":{"self":[{"href":"https:\/\/askhuamkt.com\/nueva\/wp-json\/wp\/v2\/pages\/88"}],"collection":[{"href":"https:\/\/askhuamkt.com\/nueva\/wp-json\/wp\/v2\/pages"}],"about":[{"href":"https:\/\/askhuamkt.com\/nueva\/wp-json\/wp\/v2\/types\/page"}],"author":[{"embeddable":true,"href":"https:\/\/askhuamkt.com\/nueva\/wp-json\/wp\/v2\/users\/1"}],"replies":[{"embeddable":true,"href":"https:\/\/askhuamkt.com\/nueva\/wp-json\/wp\/v2\/comments?post=88"}],"version-history":[{"count":31,"href":"https:\/\/askhuamkt.com\/nueva\/wp-json\/wp\/v2\/pages\/88\/revisions"}],"predecessor-version":[{"id":517,"href":"https:\/\/askhuamkt.com\/nueva\/wp-json\/wp\/v2\/pages\/88\/revisions\/517"}],"wp:attachment":[{"href":"https:\/\/askhuamkt.com\/nueva\/wp-json\/wp\/v2\/media?parent=88"}],"curies":[{"name":"wp","href":"https:\/\/api.w.org\/{rel}","templated":true}]}}